{"id":5116,"date":"2023-12-25T12:29:52","date_gmt":"2023-12-25T10:29:52","guid":{"rendered":"https:\/\/www.maam.at\/wp\/?page_id=5116"},"modified":"2025-01-01T13:41:34","modified_gmt":"2025-01-01T11:41:34","slug":"spt-2024","status":"publish","type":"page","link":"https:\/\/www.maam.at\/wp\/?page_id=5116","title":{"rendered":"SPT 2024"},"content":{"rendered":"\n<p class=\"has-text-color\" id=\"block-f159e892-d271-42ae-ac4b-9aaec0d40d38\" style=\"color:#e96507\"><a href=\"https:\/\/www.maam.at\/wp\/?page_id=5038\">&lt;&lt;2023<\/a><a href=\"https:\/\/www.maam.at\/wp\/?page_id=5245\">         2025>><\/a><\/p>\n\n\n\n<p class=\"has-text-color\" id=\"block-ae2f9a54-3bea-4b38-ae2a-d51e1f03f237\" style=\"color:#e96507\"><strong>\u00dcbersichten 2024<br><\/strong><a href=\"https:\/\/www.maam.at\/wp\/SPT2024\/apppoints.jpg\">Punkte<\/a><br><a href=\"https:\/\/www.maam.at\/wp\/SPT2024\/appmoney.jpg\">Geld<\/a><br><br><strong>Grafiken 2024<br><\/strong><a href=\"https:\/\/www.maam.at\/wp\/SPT2024\/apprangepoints.jpg\">R\u00e4nge nach Punkten<\/a><br><a href=\"https:\/\/www.maam.at\/wp\/SPT2024\/apprangemoney.jpg\">R\u00e4nge nach EUR<\/a><br><a href=\"https:\/\/www.maam.at\/wp\/SPT2024\/appdevpoints.jpg\">Entwicklung Punkte<\/a><br><a href=\"https:\/\/www.maam.at\/wp\/SPT2024\/appdevmoney.jpg\">Entwicklung EUR<\/a><\/p>\n\n\n\n<hr class=\"wp-block-separator has-css-opacity is-style-wide\"\/>\n\n\n\n<p class=\"has-text-color\" id=\"block-85454909-2e4b-44a3-ac21-8ccda4dff8ed\" style=\"color:#e96507\"><strong>Termine 2024<br><\/strong>Mittwoch 10. J\u00e4nner   <br>Mittwoch 14. Februar  <br>Mittwoch 13. M\u00e4rz  <br>Mittwoch 10. April  &nbsp; &nbsp; &nbsp; &nbsp;<br>Mittwoch 8. Mai&nbsp;  <br>Mittwoch 19. Juni (NEU!)<br>Mittwoch 10. Juli  <br>Mittwoch 21. August&nbsp; &nbsp; &nbsp;<br>Mittwoch 11. September&nbsp;  <br>Mittwoch 9. Oktober   <br>Mittwoch 13. November  <br>Mittwoch 11. Dezember &nbsp; <br><br><a href=\"http:\/\/mobincube.mobi\/8PMVQK\">Hier gibts die SPT 2024-App (nur Android).<\/a><\/p>\n\n\n\n<figure class=\"wp-block-image size-full\"><a href=\"https:\/\/www.maam.at\/wp\/wp-content\/uploads\/2023\/12\/SPT2024QR.jpg\"><img loading=\"lazy\" decoding=\"async\" width=\"122\" height=\"119\" src=\"https:\/\/www.maam.at\/wp\/wp-content\/uploads\/2023\/12\/SPT2024QR.jpg\" alt=\"\" class=\"wp-image-5122\"\/><\/a><\/figure>\n","protected":false},"excerpt":{"rendered":"<p>&lt;&lt;2023 2025>> \u00dcbersichten 2024PunkteGeld Grafiken 2024R\u00e4nge nach PunktenR\u00e4nge nach EUREntwicklung PunkteEntwicklung EUR Termine 2024Mittwoch 10. J\u00e4nner Mittwoch 14. Februar Mittwoch 13. M\u00e4rz Mittwoch 10. April &nbsp; &nbsp; &nbsp; &nbsp;Mittwoch 8. Mai&nbsp; Mittwoch 19. Juni (NEU!)Mittwoch 10. Juli Mittwoch 21. August&nbsp; &nbsp; &nbsp;Mittwoch 11. September&nbsp; Mittwoch 9. Oktober Mittwoch 13. November Mittwoch 11. Dezember &nbsp; Hier&hellip; <a class=\"more-link\" href=\"https:\/\/www.maam.at\/wp\/?page_id=5116\"><span class=\"screen-reader-text\">SPT 2024<\/span> weiterlesen<\/a><\/p>\n","protected":false},"author":1,"featured_media":5129,"parent":24,"menu_order":0,"comment_status":"closed","ping_status":"closed","template":"","meta":{"footnotes":""},"class_list":["post-5116","page","type-page","status-publish","has-post-thumbnail","hentry","entry"],"_links":{"self":[{"href":"https:\/\/www.maam.at\/wp\/index.php?rest_route=\/wp\/v2\/pages\/5116","targetHints":{"allow":["GET"]}}],"collection":[{"href":"https:\/\/www.maam.at\/wp\/index.php?rest_route=\/wp\/v2\/pages"}],"about":[{"href":"https:\/\/www.maam.at\/wp\/index.php?rest_route=\/wp\/v2\/types\/page"}],"author":[{"embeddable":true,"href":"https:\/\/www.maam.at\/wp\/index.php?rest_route=\/wp\/v2\/users\/1"}],"replies":[{"embeddable":true,"href":"https:\/\/www.maam.at\/wp\/index.php?rest_route=%2Fwp%2Fv2%2Fcomments&post=5116"}],"version-history":[{"count":7,"href":"https:\/\/www.maam.at\/wp\/index.php?rest_route=\/wp\/v2\/pages\/5116\/revisions"}],"predecessor-version":[{"id":5255,"href":"https:\/\/www.maam.at\/wp\/index.php?rest_route=\/wp\/v2\/pages\/5116\/revisions\/5255"}],"up":[{"embeddable":true,"href":"https:\/\/www.maam.at\/wp\/index.php?rest_route=\/wp\/v2\/pages\/24"}],"wp:featuredmedia":[{"embeddable":true,"href":"https:\/\/www.maam.at\/wp\/index.php?rest_route=\/wp\/v2\/media\/5129"}],"wp:attachment":[{"href":"https:\/\/www.maam.at\/wp\/index.php?rest_route=%2Fwp%2Fv2%2Fmedia&parent=5116"}],"curies":[{"name":"wp","href":"https:\/\/api.w.org\/{rel}","templated":true}]}}