{"id":4712,"date":"2020-12-15T17:05:44","date_gmt":"2020-12-15T15:05:44","guid":{"rendered":"https:\/\/www.maam.at\/wp\/?page_id=4712"},"modified":"2022-01-01T14:42:58","modified_gmt":"2022-01-01T12:42:58","slug":"spt-2021","status":"publish","type":"page","link":"https:\/\/www.maam.at\/wp\/?page_id=4712","title":{"rendered":"SPT 2021"},"content":{"rendered":"\n<p class=\"has-text-color\" id=\"block-f159e892-d271-42ae-ac4b-9aaec0d40d38\" style=\"color:#e96507\"><a href=\"https:\/\/www.maam.at\/wp\/?page_id=4379\">&lt;&lt;2020<\/a><a href=\"https:\/\/www.maam.at\/wp\/?page_id=4975\">       2022>><\/a><\/p>\n\n\n\n<p class=\"has-text-color\" id=\"block-ae2f9a54-3bea-4b38-ae2a-d51e1f03f237\" style=\"color:#e96507\"><strong>\u00dcbersichten 2021<br><\/strong><a href=\"https:\/\/www.maam.at\/wp\/SPT2021\/apppoints.jpg\">Punkte<\/a><br><a href=\"https:\/\/www.maam.at\/wp\/SPT2021\/appmoney.jpg\">Geld<\/a><br><br><strong>Grafiken 2021<br><\/strong><a href=\"https:\/\/www.maam.at\/wp\/SPT2021\/apprangepoints.jpg\">R\u00e4nge nach Punkten<\/a><br><a href=\"https:\/\/www.maam.at\/wp\/SPT2021\/apprangemoney.jpg\">R\u00e4nge nach EUR<\/a><br><a href=\"https:\/\/www.maam.at\/wp\/SPT2021\/appdevpoints.jpg\">Entwicklung Punkte<\/a><br><a href=\"https:\/\/www.maam.at\/wp\/SPT2021\/appdevmoney.jpg\">Entwicklung EUR<\/a><\/p>\n\n\n\n<hr class=\"wp-block-separator is-style-wide\"\/>\n\n\n\n<p class=\"has-text-color\" id=\"block-85454909-2e4b-44a3-ac21-8ccda4dff8ed\" style=\"color:#e96507\"><strong>Termine 2021<br><\/strong>Mittwoch 20. J\u00e4nner  Manfred vor Markus<br>Mittwoch 17. Februar  Markus vor Christiane<br>Mittwoch 17. M\u00e4rz Martin vor Manfred <br>Mittwoch 21. April  Martin vor Robert&nbsp; &nbsp; &nbsp; &nbsp;<br>Mittwoch 19. Mai&nbsp; Manfred vor Martin<br>Mittwoch 16. Juni  Walter vor Christiane&nbsp;<br>Mittwoch 14. Juli&nbsp;&nbsp; Christian B vor Manfred<br>Mittwoch 18. August&nbsp; Manfred vor Christian B&nbsp; &nbsp;<br>Mittwoch 29. September&nbsp; Manfred vor Christian B<br>Mittwoch 20. Oktober  Manfred vor Martin<br>Mittwoch 17. November &nbsp;Alex vor Christiane<br>Mittwoch 15. Dezember &nbsp;Christian K vor Christiane<br><br><a href=\"http:\/\/mobincube.mobi\/EIJE4V\">Hier gibts die SPT 2021-App (nur Android).<\/a><\/p>\n\n\n\n<p class=\"has-text-color\" id=\"block-1b4fb172-5ca8-4cdd-82d1-1d3d4c413d5a\" style=\"color:#e96507\"><strong>Anleitungen f\u00fcr Online-Poker mit pokerstars.net<\/strong><br><a href=\"https:\/\/www.maam.at\/wp\/SPT2021\/pokerstars1.pdf\">1. App installieren und Konto anlegen.<\/a><br><a href=\"https:\/\/www.maam.at\/wp\/SPT2021\/pokerstars2.pdf\">2. maam Poker-Club beitreten<\/a><br><a href=\"https:\/\/www.maam.at\/wp\/SPT2021\/pokerstars3.pdf\">3. zu einem Turnier des Clubs anmelden<\/a><br><a href=\"https:\/\/www.maam.at\/wp\/SPT2021\/pokerstars4.pdf\">4. gratis Spielgeld bekommen<\/a><\/p>\n","protected":false},"excerpt":{"rendered":"<p>&lt;&lt;2020 2022>> \u00dcbersichten 2021PunkteGeld Grafiken 2021R\u00e4nge nach PunktenR\u00e4nge nach EUREntwicklung PunkteEntwicklung EUR Termine 2021Mittwoch 20. J\u00e4nner Manfred vor MarkusMittwoch 17. Februar Markus vor ChristianeMittwoch 17. M\u00e4rz Martin vor Manfred Mittwoch 21. April Martin vor Robert&nbsp; &nbsp; &nbsp; &nbsp;Mittwoch 19. Mai&nbsp; Manfred vor MartinMittwoch 16. Juni Walter vor Christiane&nbsp;Mittwoch 14. Juli&nbsp;&nbsp; Christian B vor ManfredMittwoch 18.&hellip; <a class=\"more-link\" href=\"https:\/\/www.maam.at\/wp\/?page_id=4712\"><span class=\"screen-reader-text\">SPT 2021<\/span> weiterlesen<\/a><\/p>\n","protected":false},"author":1,"featured_media":4713,"parent":24,"menu_order":0,"comment_status":"closed","ping_status":"closed","template":"","meta":{"footnotes":""},"class_list":["post-4712","page","type-page","status-publish","has-post-thumbnail","hentry","entry"],"_links":{"self":[{"href":"https:\/\/www.maam.at\/wp\/index.php?rest_route=\/wp\/v2\/pages\/4712","targetHints":{"allow":["GET"]}}],"collection":[{"href":"https:\/\/www.maam.at\/wp\/index.php?rest_route=\/wp\/v2\/pages"}],"about":[{"href":"https:\/\/www.maam.at\/wp\/index.php?rest_route=\/wp\/v2\/types\/page"}],"author":[{"embeddable":true,"href":"https:\/\/www.maam.at\/wp\/index.php?rest_route=\/wp\/v2\/users\/1"}],"replies":[{"embeddable":true,"href":"https:\/\/www.maam.at\/wp\/index.php?rest_route=%2Fwp%2Fv2%2Fcomments&post=4712"}],"version-history":[{"count":26,"href":"https:\/\/www.maam.at\/wp\/index.php?rest_route=\/wp\/v2\/pages\/4712\/revisions"}],"predecessor-version":[{"id":4984,"href":"https:\/\/www.maam.at\/wp\/index.php?rest_route=\/wp\/v2\/pages\/4712\/revisions\/4984"}],"up":[{"embeddable":true,"href":"https:\/\/www.maam.at\/wp\/index.php?rest_route=\/wp\/v2\/pages\/24"}],"wp:featuredmedia":[{"embeddable":true,"href":"https:\/\/www.maam.at\/wp\/index.php?rest_route=\/wp\/v2\/media\/4713"}],"wp:attachment":[{"href":"https:\/\/www.maam.at\/wp\/index.php?rest_route=%2Fwp%2Fv2%2Fmedia&parent=4712"}],"curies":[{"name":"wp","href":"https:\/\/api.w.org\/{rel}","templated":true}]}}