{"id":4379,"date":"2019-12-26T10:34:23","date_gmt":"2019-12-26T08:34:23","guid":{"rendered":"https:\/\/www.maam.at\/wp\/?page_id=4379"},"modified":"2020-12-15T17:15:15","modified_gmt":"2020-12-15T15:15:15","slug":"spt-2020","status":"publish","type":"page","link":"https:\/\/www.maam.at\/wp\/?page_id=4379","title":{"rendered":"SPT 2020"},"content":{"rendered":"\n<p class=\"has-text-color\" style=\"color:#e96507\"><a href=\"https:\/\/www.maam.at\/wp\/?page_id=3752\">&lt;&lt;2019<\/a><a href=\"https:\/\/www.maam.at\/wp\/?page_id=4712\">\u00a0   2021>><\/a><\/p>\n\n\n\n<hr class=\"wp-block-separator is-style-wide\"\/>\n\n\n\n<p class=\"has-text-color\" style=\"color:#e96507\"><strong>Grafiken 2020<br><\/strong><a href=\"https:\/\/www.maam.at\/wp\/SPT2020\/\u00dcbersicht.pdf\">\u00dcbersicht<\/a><br><a href=\"https:\/\/www.maam.at\/wp\/SPT2020\/Ranglisten.pdf\">Ranglisten<\/a><br><a href=\"https:\/\/www.maam.at\/wp\/SPT2020\/Monate.pdf\">Monate<br><\/a><\/p>\n\n\n\n<hr class=\"wp-block-separator is-style-wide\"\/>\n\n\n\n<p class=\"has-text-color\" style=\"color:#e96507\"><strong>Termine 2020<br><\/strong><a href=\"https:\/\/www.maam.at\/wp\/?p=4396\">Mittwoch 15. J\u00e4nner  Christian K vor Christian B<\/a><br><a href=\"https:\/\/www.maam.at\/wp\/?p=4445\">Mittwoch 19. Februar Christiane vor Christian B<\/a><br><a href=\"https:\/\/www.maam.at\/wp\/?p=4480\">Mittwoch 18. M\u00e4rz      Manfred vor Christian K (am 29.4.)&nbsp; &nbsp;<\/a> &nbsp; &nbsp;  <a href=\"https:\/\/www.maam.at\/wp\/?p=4473\"><br>Mittwoch 15. April&nbsp;     Alex vor Markus<\/a>&nbsp; &nbsp; &nbsp; &nbsp;  <br><a href=\"https:\/\/www.maam.at\/wp\/?p=4496\">Mittwoch 20. Mai&nbsp;       Martin vor Christiane&nbsp; &nbsp;  <\/a><br><a href=\"https:\/\/www.maam.at\/wp\/?p=4545\">Mittwoch 17. Juni  &nbsp; Christian B vor Manfred <\/a>&nbsp; &nbsp;  <br><a href=\"https:\/\/www.maam.at\/wp\/?p=4572\">Mittwoch 08. Juli&nbsp;&nbsp; &nbsp;Christina vor Walter<\/a><br><a href=\"https:\/\/www.maam.at\/wp\/?p=4598\">Mittwoch 19. August&nbsp;  Herbert vor Manfred  &nbsp;<\/a> &nbsp; &nbsp; &nbsp;<br><a href=\"https:\/\/www.maam.at\/wp\/?p=4608\">Mittwoch 16. September&nbsp; Walter vor Manfred&nbsp;<\/a><br><a href=\"https:\/\/www.maam.at\/wp\/?p=4647\">Mittwoch 21. Oktober  Walter vor Manfred<\/a>  &nbsp; &nbsp; &nbsp;&nbsp;<br><a href=\"https:\/\/www.maam.at\/wp\/?p=4672\">Mittwoch 18. November &nbsp;Manfred vor Martin &nbsp;<\/a>&nbsp;<br><a href=\"https:\/\/www.maam.at\/wp\/?p=4700\">Mittwoch 09. Dezember &nbsp;Manfred vor Christian K &nbsp;<\/a>&nbsp;<\/p>\n\n\n\n<p class=\"has-text-color\" style=\"color:#ce400c\"><span style=\"color:#f3090d\" class=\"has-inline-color\"><strong>Anleitungen f\u00fcr Online-Poker mit pokerstars.net<\/strong><br><a href=\"https:\/\/www.maam.at\/wp\/SPT2020\/pokerstars1.pdf\">1. App installieren und Konto anlegen.<\/a><br><a href=\"https:\/\/www.maam.at\/wp\/SPT2020\/pokerstars2.pdf\">2. maam Poker-Club beitreten<\/a><br><a href=\"https:\/\/www.maam.at\/wp\/SPT2020\/pokerstars3.pdf\">3. zu einem Turnier des Clubs anmelden<\/a><br><a href=\"https:\/\/www.maam.at\/wp\/SPT2020\/pokerstars4.pdf\">4. gratis Spielgeld bekommen<\/a><\/span><\/p>\n\n\n\n<p class=\"has-text-color\" style=\"color:#e96507\"> <br><br><\/p>\n","protected":false},"excerpt":{"rendered":"<p>&lt;&lt;2019\u00a0 2021>> Grafiken 2020\u00dcbersichtRanglistenMonate Termine 2020Mittwoch 15. J\u00e4nner Christian K vor Christian BMittwoch 19. Februar Christiane vor Christian BMittwoch 18. M\u00e4rz Manfred vor Christian K (am 29.4.)&nbsp; &nbsp; &nbsp; &nbsp; Mittwoch 15. April&nbsp; Alex vor Markus&nbsp; &nbsp; &nbsp; &nbsp; Mittwoch 20. Mai&nbsp; Martin vor Christiane&nbsp; &nbsp; Mittwoch 17. Juni &nbsp; Christian B vor Manfred &nbsp;&hellip; <a class=\"more-link\" href=\"https:\/\/www.maam.at\/wp\/?page_id=4379\"><span class=\"screen-reader-text\">SPT 2020<\/span> weiterlesen<\/a><\/p>\n","protected":false},"author":1,"featured_media":4385,"parent":24,"menu_order":0,"comment_status":"closed","ping_status":"closed","template":"","meta":{"footnotes":""},"class_list":["post-4379","page","type-page","status-publish","has-post-thumbnail","hentry","entry"],"_links":{"self":[{"href":"https:\/\/www.maam.at\/wp\/index.php?rest_route=\/wp\/v2\/pages\/4379","targetHints":{"allow":["GET"]}}],"collection":[{"href":"https:\/\/www.maam.at\/wp\/index.php?rest_route=\/wp\/v2\/pages"}],"about":[{"href":"https:\/\/www.maam.at\/wp\/index.php?rest_route=\/wp\/v2\/types\/page"}],"author":[{"embeddable":true,"href":"https:\/\/www.maam.at\/wp\/index.php?rest_route=\/wp\/v2\/users\/1"}],"replies":[{"embeddable":true,"href":"https:\/\/www.maam.at\/wp\/index.php?rest_route=%2Fwp%2Fv2%2Fcomments&post=4379"}],"version-history":[{"count":26,"href":"https:\/\/www.maam.at\/wp\/index.php?rest_route=\/wp\/v2\/pages\/4379\/revisions"}],"predecessor-version":[{"id":4721,"href":"https:\/\/www.maam.at\/wp\/index.php?rest_route=\/wp\/v2\/pages\/4379\/revisions\/4721"}],"up":[{"embeddable":true,"href":"https:\/\/www.maam.at\/wp\/index.php?rest_route=\/wp\/v2\/pages\/24"}],"wp:featuredmedia":[{"embeddable":true,"href":"https:\/\/www.maam.at\/wp\/index.php?rest_route=\/wp\/v2\/media\/4385"}],"wp:attachment":[{"href":"https:\/\/www.maam.at\/wp\/index.php?rest_route=%2Fwp%2Fv2%2Fmedia&parent=4379"}],"curies":[{"name":"wp","href":"https:\/\/api.w.org\/{rel}","templated":true}]}}